{"id":681,"date":"2021-02-01T15:18:34","date_gmt":"2021-02-01T14:18:34","guid":{"rendered":"http:\/\/cane-line-homestories.villaromana.be\/home\/"},"modified":"2021-08-04T11:16:47","modified_gmt":"2021-08-04T09:16:47","slug":"home","status":"publish","type":"page","link":"https:\/\/cane-line-homestories.villaromana.be\/fr\/","title":{"rendered":"Home"},"content":{"rendered":"","protected":false},"excerpt":{"rendered":"","protected":false},"author":3,"featured_media":0,"parent":0,"menu_order":0,"comment_status":"closed","ping_status":"closed","template":"","meta":{"_acf_changed":false,"footnotes":""},"class_list":["post-681","page","type-page","status-publish","hentry"],"acf":[],"yoast_head":"<!-- This site is optimized with the Yoast SEO plugin v27.5 - https:\/\/yoast.com\/product\/yoast-seo-wordpress\/ -->\n<title>Cane-line homestories by Villa Romana \u00ae | le design danois<\/title>\n<meta name=\"description\" content=\"Cane-line, le design danois d&#039;exception pour un style de vie durable et confortable. Con\u00e7us pour une exp\u00e9rience ext\u00e9rieur maximale de qualit\u00e9.\" \/>\n<meta name=\"robots\" content=\"index, follow, max-snippet:-1, max-image-preview:large, max-video-preview:-1\" \/>\n<link rel=\"canonical\" href=\"https:\/\/cane-line-homestories.villaromana.be\/fr\/\" \/>\n<meta property=\"og:locale\" content=\"fr_FR\" \/>\n<meta property=\"og:type\" content=\"article\" \/>\n<meta property=\"og:title\" content=\"Cane-line homestories by Villa Romana \u00ae | le design danois\" \/>\n<meta property=\"og:description\" content=\"Cane-line, le design danois d&#039;exception pour un style de vie durable et confortable. Con\u00e7us pour une exp\u00e9rience ext\u00e9rieur maximale de qualit\u00e9.\" \/>\n<meta property=\"og:url\" content=\"https:\/\/cane-line-homestories.villaromana.be\/fr\/\" \/>\n<meta property=\"og:site_name\" content=\"Cane-line Homestories\" \/>\n<meta property=\"article:modified_time\" content=\"2021-08-04T09:16:47+00:00\" \/>\n<meta name=\"twitter:card\" content=\"summary_large_image\" \/>\n<script type=\"application\/ld+json\" class=\"yoast-schema-graph\">{\"@context\":\"https:\\\/\\\/schema.org\",\"@graph\":[{\"@type\":\"WebPage\",\"@id\":\"https:\\\/\\\/cane-line-homestories.villaromana.be\\\/fr\\\/\",\"url\":\"https:\\\/\\\/cane-line-homestories.villaromana.be\\\/fr\\\/\",\"name\":\"Cane-line homestories by Villa Romana \u00ae | le design danois\",\"isPartOf\":{\"@id\":\"https:\\\/\\\/cane-line-homestories.villaromana.be\\\/#website\"},\"datePublished\":\"2021-02-01T14:18:34+00:00\",\"dateModified\":\"2021-08-04T09:16:47+00:00\",\"description\":\"Cane-line, le design danois d'exception pour un style de vie durable et confortable. Con\u00e7us pour une exp\u00e9rience ext\u00e9rieur maximale de qualit\u00e9.\",\"breadcrumb\":{\"@id\":\"https:\\\/\\\/cane-line-homestories.villaromana.be\\\/fr\\\/#breadcrumb\"},\"inLanguage\":\"fr-FR\",\"potentialAction\":[{\"@type\":\"ReadAction\",\"target\":[\"https:\\\/\\\/cane-line-homestories.villaromana.be\\\/fr\\\/\"]}]},{\"@type\":\"BreadcrumbList\",\"@id\":\"https:\\\/\\\/cane-line-homestories.villaromana.be\\\/fr\\\/#breadcrumb\",\"itemListElement\":[{\"@type\":\"ListItem\",\"position\":1,\"name\":\"Startseite\",\"item\":\"https:\\\/\\\/cane-line-homestories.villaromana.be\\\/fr\\\/\"},{\"@type\":\"ListItem\",\"position\":2,\"name\":\"Home\"}]},{\"@type\":\"WebSite\",\"@id\":\"https:\\\/\\\/cane-line-homestories.villaromana.be\\\/#website\",\"url\":\"https:\\\/\\\/cane-line-homestories.villaromana.be\\\/\",\"name\":\"Cane-line Homestories\",\"description\":\"Eine weitere Villa Romana Landingpages Website\",\"potentialAction\":[{\"@type\":\"SearchAction\",\"target\":{\"@type\":\"EntryPoint\",\"urlTemplate\":\"https:\\\/\\\/cane-line-homestories.villaromana.be\\\/?s={search_term_string}\"},\"query-input\":{\"@type\":\"PropertyValueSpecification\",\"valueRequired\":true,\"valueName\":\"search_term_string\"}}],\"inLanguage\":\"fr-FR\"}]}<\/script>\n<!-- \/ Yoast SEO plugin. -->","yoast_head_json":{"title":"Cane-line homestories by Villa Romana \u00ae | le design danois","description":"Cane-line, le design danois d'exception pour un style de vie durable et confortable. Con\u00e7us pour une exp\u00e9rience ext\u00e9rieur maximale de qualit\u00e9.","robots":{"index":"index","follow":"follow","max-snippet":"max-snippet:-1","max-image-preview":"max-image-preview:large","max-video-preview":"max-video-preview:-1"},"canonical":"https:\/\/cane-line-homestories.villaromana.be\/fr\/","og_locale":"fr_FR","og_type":"article","og_title":"Cane-line homestories by Villa Romana \u00ae | le design danois","og_description":"Cane-line, le design danois d'exception pour un style de vie durable et confortable. Con\u00e7us pour une exp\u00e9rience ext\u00e9rieur maximale de qualit\u00e9.","og_url":"https:\/\/cane-line-homestories.villaromana.be\/fr\/","og_site_name":"Cane-line Homestories","article_modified_time":"2021-08-04T09:16:47+00:00","twitter_card":"summary_large_image","schema":{"@context":"https:\/\/schema.org","@graph":[{"@type":"WebPage","@id":"https:\/\/cane-line-homestories.villaromana.be\/fr\/","url":"https:\/\/cane-line-homestories.villaromana.be\/fr\/","name":"Cane-line homestories by Villa Romana \u00ae | le design danois","isPartOf":{"@id":"https:\/\/cane-line-homestories.villaromana.be\/#website"},"datePublished":"2021-02-01T14:18:34+00:00","dateModified":"2021-08-04T09:16:47+00:00","description":"Cane-line, le design danois d'exception pour un style de vie durable et confortable. Con\u00e7us pour une exp\u00e9rience ext\u00e9rieur maximale de qualit\u00e9.","breadcrumb":{"@id":"https:\/\/cane-line-homestories.villaromana.be\/fr\/#breadcrumb"},"inLanguage":"fr-FR","potentialAction":[{"@type":"ReadAction","target":["https:\/\/cane-line-homestories.villaromana.be\/fr\/"]}]},{"@type":"BreadcrumbList","@id":"https:\/\/cane-line-homestories.villaromana.be\/fr\/#breadcrumb","itemListElement":[{"@type":"ListItem","position":1,"name":"Startseite","item":"https:\/\/cane-line-homestories.villaromana.be\/fr\/"},{"@type":"ListItem","position":2,"name":"Home"}]},{"@type":"WebSite","@id":"https:\/\/cane-line-homestories.villaromana.be\/#website","url":"https:\/\/cane-line-homestories.villaromana.be\/","name":"Cane-line Homestories","description":"Eine weitere Villa Romana Landingpages Website","potentialAction":[{"@type":"SearchAction","target":{"@type":"EntryPoint","urlTemplate":"https:\/\/cane-line-homestories.villaromana.be\/?s={search_term_string}"},"query-input":{"@type":"PropertyValueSpecification","valueRequired":true,"valueName":"search_term_string"}}],"inLanguage":"fr-FR"}]}},"_links":{"self":[{"href":"https:\/\/cane-line-homestories.villaromana.be\/fr\/wp-json\/wp\/v2\/pages\/681","targetHints":{"allow":["GET"]}}],"collection":[{"href":"https:\/\/cane-line-homestories.villaromana.be\/fr\/wp-json\/wp\/v2\/pages"}],"about":[{"href":"https:\/\/cane-line-homestories.villaromana.be\/fr\/wp-json\/wp\/v2\/types\/page"}],"author":[{"embeddable":true,"href":"https:\/\/cane-line-homestories.villaromana.be\/fr\/wp-json\/wp\/v2\/users\/3"}],"replies":[{"embeddable":true,"href":"https:\/\/cane-line-homestories.villaromana.be\/fr\/wp-json\/wp\/v2\/comments?post=681"}],"version-history":[{"count":19,"href":"https:\/\/cane-line-homestories.villaromana.be\/fr\/wp-json\/wp\/v2\/pages\/681\/revisions"}],"predecessor-version":[{"id":845,"href":"https:\/\/cane-line-homestories.villaromana.be\/fr\/wp-json\/wp\/v2\/pages\/681\/revisions\/845"}],"wp:attachment":[{"href":"https:\/\/cane-line-homestories.villaromana.be\/fr\/wp-json\/wp\/v2\/media?parent=681"}],"curies":[{"name":"wp","href":"https:\/\/api.w.org\/{rel}","templated":true}]}}